{"id":17,"date":"2024-05-02T08:33:02","date_gmt":"2024-05-02T08:33:02","guid":{"rendered":"https:\/\/josemariavega.com\/?page_id=17"},"modified":"2025-07-17T09:33:08","modified_gmt":"2025-07-17T09:33:08","slug":"finca-la-cierva","status":"publish","type":"page","link":"https:\/\/ganaderiajosemariavega.com\/en\/finca-la-cierva\/","title":{"rendered":"La Cierva Estate"},"content":{"rendered":"<div data-elementor-type=\"wp-page\" data-elementor-id=\"17\" class=\"elementor elementor-17\" data-elementor-post-type=\"page\">\n\t\t\t\t<div class=\"elementor-element elementor-element-94c3fbc e-con-full e-flex e-con e-parent\" data-id=\"94c3fbc\" data-element_type=\"container\" data-e-type=\"container\">\n\t\t\t\t<div class=\"elementor-element elementor-element-1cc294a elementor-invisible elementor-widget elementor-widget-heading\" data-id=\"1cc294a\" data-element_type=\"widget\" data-e-type=\"widget\" data-settings=\"{&quot;_animation&quot;:&quot;fadeIn&quot;}\" data-widget_type=\"heading.default\">\n\t\t\t\t<div class=\"elementor-widget-container\">\n\t\t\t\t\t<h1 class=\"elementor-heading-title elementor-size-default\">FINCA LA CIERVA<\/h1>\t\t\t\t<\/div>\n\t\t\t\t<\/div>\n\t\t\t\t<\/div>\n\t\t<div class=\"elementor-element elementor-element-100dffbf e-flex e-con-boxed e-con e-parent\" data-id=\"100dffbf\" data-element_type=\"container\" data-e-type=\"container\" data-settings=\"{&quot;background_background&quot;:&quot;classic&quot;}\">\n\t\t\t\t\t<div class=\"e-con-inner\">\n\t\t<div class=\"elementor-element elementor-element-7277ef11 e-con-full e-flex e-con e-child\" data-id=\"7277ef11\" data-element_type=\"container\" data-e-type=\"container\">\n\t\t\t\t<div class=\"elementor-element elementor-element-2b2a3036 elementor-widget elementor-widget-heading\" data-id=\"2b2a3036\" data-element_type=\"widget\" data-e-type=\"widget\" data-widget_type=\"heading.default\">\n\t\t\t\t<div class=\"elementor-widget-container\">\n\t\t\t\t\t<h1 class=\"elementor-heading-title elementor-size-default\">Sustainable livestock and production\nof high quality natural meat<\/h1>\t\t\t\t<\/div>\n\t\t\t\t<\/div>\n\t\t\t\t<div class=\"elementor-element elementor-element-651911ca elementor-widget elementor-widget-text-editor\" data-id=\"651911ca\" data-element_type=\"widget\" data-e-type=\"widget\" data-widget_type=\"text-editor.default\">\n\t\t\t\t<div class=\"elementor-widget-container\">\n\t\t\t\t\t\t\t\t\t<p>Finca \u201cLa Cierva\u201d is an extensive and sustainable livestock farm located in San Jos\u00e9 del Valle. It has an area of 15 hectares. Sustainable livestock farming is a form of animal production: it seeks to balance economic production with the environment and animal welfare. Finca \u201cLa Cierva\u201d is a sustainable livestock farm that produces high quality meat without harming the environment or the ecosystem.<\/p>\t\t\t\t\t\t\t\t<\/div>\n\t\t\t\t<\/div>\n\t\t\t\t<\/div>\n\t\t<div class=\"elementor-element elementor-element-37eff592 e-con-full e-flex e-con e-child\" data-id=\"37eff592\" data-element_type=\"container\" data-e-type=\"container\">\n\t\t\t\t<div class=\"elementor-element elementor-element-7ec1644 elementor-widget elementor-widget-image\" data-id=\"7ec1644\" data-element_type=\"widget\" data-e-type=\"widget\" data-widget_type=\"image.default\">\n\t\t\t\t<div class=\"elementor-widget-container\">\n\t\t\t\t\t\t\t\t\t\t\t\t\t\t\t<img fetchpriority=\"high\" decoding=\"async\" width=\"1600\" height=\"1200\" src=\"https:\/\/ganaderiajosemariavega.com\/wp-content\/uploads\/2024\/05\/1714632764726.jpg\" class=\"attachment-full size-full wp-image-135\" alt=\"\" srcset=\"https:\/\/ganaderiajosemariavega.com\/wp-content\/uploads\/2024\/05\/1714632764726.jpg 1600w, https:\/\/ganaderiajosemariavega.com\/wp-content\/uploads\/2024\/05\/1714632764726-300x225.jpg 300w, https:\/\/ganaderiajosemariavega.com\/wp-content\/uploads\/2024\/05\/1714632764726-1024x768.jpg 1024w, https:\/\/ganaderiajosemariavega.com\/wp-content\/uploads\/2024\/05\/1714632764726-768x576.jpg 768w, https:\/\/ganaderiajosemariavega.com\/wp-content\/uploads\/2024\/05\/1714632764726-1536x1152.jpg 1536w\" sizes=\"(max-width: 1600px) 100vw, 1600px\" \/>\t\t\t\t\t\t\t\t\t\t\t\t\t\t\t<\/div>\n\t\t\t\t<\/div>\n\t\t\t\t<\/div>\n\t\t\t\t\t<\/div>\n\t\t\t\t<\/div>\n\t\t<div class=\"elementor-element elementor-element-ebcb89b e-flex e-con-boxed e-con e-parent\" data-id=\"ebcb89b\" data-element_type=\"container\" data-e-type=\"container\" data-settings=\"{&quot;background_background&quot;:&quot;classic&quot;}\">\n\t\t\t\t\t<div class=\"e-con-inner\">\n\t\t<div class=\"elementor-element elementor-element-620aef0 e-con-full e-flex e-con e-child\" data-id=\"620aef0\" data-element_type=\"container\" data-e-type=\"container\">\n\t\t\t\t<div class=\"elementor-element elementor-element-6af909c elementor-widget elementor-widget-image\" data-id=\"6af909c\" data-element_type=\"widget\" data-e-type=\"widget\" data-widget_type=\"image.default\">\n\t\t\t\t<div class=\"elementor-widget-container\">\n\t\t\t\t\t\t\t\t\t\t\t\t\t\t\t<img decoding=\"async\" width=\"800\" height=\"360\" src=\"https:\/\/ganaderiajosemariavega.com\/wp-content\/uploads\/2024\/05\/1714632764667-1024x461.jpg\" class=\"attachment-large size-large wp-image-134\" alt=\"\" srcset=\"https:\/\/ganaderiajosemariavega.com\/wp-content\/uploads\/2024\/05\/1714632764667-1024x461.jpg 1024w, https:\/\/ganaderiajosemariavega.com\/wp-content\/uploads\/2024\/05\/1714632764667-300x135.jpg 300w, https:\/\/ganaderiajosemariavega.com\/wp-content\/uploads\/2024\/05\/1714632764667-768x346.jpg 768w, https:\/\/ganaderiajosemariavega.com\/wp-content\/uploads\/2024\/05\/1714632764667-1536x691.jpg 1536w, https:\/\/ganaderiajosemariavega.com\/wp-content\/uploads\/2024\/05\/1714632764667-2048x922.jpg 2048w\" sizes=\"(max-width: 800px) 100vw, 800px\" \/>\t\t\t\t\t\t\t\t\t\t\t\t\t\t\t<\/div>\n\t\t\t\t<\/div>\n\t\t\t\t<div class=\"elementor-element elementor-element-69249ac elementor-widget elementor-widget-image\" data-id=\"69249ac\" data-element_type=\"widget\" data-e-type=\"widget\" data-widget_type=\"image.default\">\n\t\t\t\t<div class=\"elementor-widget-container\">\n\t\t\t\t\t\t\t\t\t\t\t\t\t\t\t<img decoding=\"async\" width=\"800\" height=\"360\" src=\"https:\/\/ganaderiajosemariavega.com\/wp-content\/uploads\/2024\/05\/1714632643404-1024x461.jpg\" class=\"attachment-large size-large wp-image-131\" alt=\"\" srcset=\"https:\/\/ganaderiajosemariavega.com\/wp-content\/uploads\/2024\/05\/1714632643404-1024x461.jpg 1024w, https:\/\/ganaderiajosemariavega.com\/wp-content\/uploads\/2024\/05\/1714632643404-300x135.jpg 300w, https:\/\/ganaderiajosemariavega.com\/wp-content\/uploads\/2024\/05\/1714632643404-768x346.jpg 768w, https:\/\/ganaderiajosemariavega.com\/wp-content\/uploads\/2024\/05\/1714632643404-1536x691.jpg 1536w, https:\/\/ganaderiajosemariavega.com\/wp-content\/uploads\/2024\/05\/1714632643404-2048x922.jpg 2048w\" sizes=\"(max-width: 800px) 100vw, 800px\" \/>\t\t\t\t\t\t\t\t\t\t\t\t\t\t\t<\/div>\n\t\t\t\t<\/div>\n\t\t\t\t<\/div>\n\t\t<div class=\"elementor-element elementor-element-0af92e1 e-con-full e-flex e-con e-child\" data-id=\"0af92e1\" data-element_type=\"container\" data-e-type=\"container\">\n\t\t\t\t<div class=\"elementor-element elementor-element-07d74dc elementor-widget elementor-widget-text-editor\" data-id=\"07d74dc\" data-element_type=\"widget\" data-e-type=\"widget\" data-widget_type=\"text-editor.default\">\n\t\t\t\t<div class=\"elementor-widget-container\">\n\t\t\t\t\t\t\t\t\t<p>Our organic production does not use pesticides or chemical fertilizers, and is based on the use of agricultural and livestock practices that respect the environment and biodiversity. Our animals are raised in open spaces and with a natural diet. This production system is more respectful of the environment and animal welfare, since the animals have more space and a more varied and healthy diet.<\/p><p>Furthermore, extensive livestock farming contributes to maintaining the landscape and biodiversity, and is a way to promote rural development.<\/p><p>In addition to our dedication to the sustainable production of high-quality meat, at Finca \u201cLa Cierva\u201d we are also committed to protecting the environment. We plant trees in areas poor in vegetation, trees that have a high level of CO2 capture. Reforestation is a way to take care of the soil, because when trees are planted, the roots create an underground network that fertilizes the soil, trying to ensure that the soil is not bare, but rather that it has the greatest possible amount of organic coverage. This means that we are not only helping nature, but we are also doing our part to reduce the amount of carbon dioxide in the air.<\/p><p>At Finca \u201cLa Cierva\u201d, we also ensure that our cows drink high-quality water throughout the year thanks to our natural rainwater collection system. Likewise, through regenerative cultivation and grazing techniques, we ensure the maintenance of soil fertility. This means that through our nitrogen crops or good use of the land-livestock balance, the soil has naturally greater fertility.<\/p><p>In summary, at Finca \u201cLa Cierva\u201d, we are proud to be a sustainable livestock farm that produces high quality meat without harming the environment or the ecosystem. From producing our own feed for livestock to caring for and protecting the productive capacity of the soil and protecting the environment, we strive to do our part to ensure our planet is sustainable for future generations.<\/p>\t\t\t\t\t\t\t\t<\/div>\n\t\t\t\t<\/div>\n\t\t\t\t<\/div>\n\t\t\t\t\t<\/div>\n\t\t\t\t<\/div>\n\t\t\t\t<\/div>","protected":false},"excerpt":{"rendered":"<p>FINCA LA CIERVA Ganader\u00eda sostenible y producci\u00f3n de carne natural de alta calidad Finca \u201cLa Cierva\u201d es una ganader\u00eda extensiva y sostenible ubicada en San Jos\u00e9 del Valle. Cuenta con una superficie de extensi\u00f3n de 15 Ha. La ganader\u00eda sostenible es una forma de producci\u00f3n animal: busca equilibrar la producci\u00f3n econ\u00f3mica con el medio ambiente [&hellip;]<\/p>\n","protected":false},"author":1,"featured_media":0,"parent":0,"menu_order":0,"comment_status":"closed","ping_status":"closed","template":"","meta":{"footnotes":""},"class_list":["post-17","page","type-page","status-publish","hentry"],"_links":{"self":[{"href":"https:\/\/ganaderiajosemariavega.com\/en\/wp-json\/wp\/v2\/pages\/17","targetHints":{"allow":["GET"]}}],"collection":[{"href":"https:\/\/ganaderiajosemariavega.com\/en\/wp-json\/wp\/v2\/pages"}],"about":[{"href":"https:\/\/ganaderiajosemariavega.com\/en\/wp-json\/wp\/v2\/types\/page"}],"author":[{"embeddable":true,"href":"https:\/\/ganaderiajosemariavega.com\/en\/wp-json\/wp\/v2\/users\/1"}],"replies":[{"embeddable":true,"href":"https:\/\/ganaderiajosemariavega.com\/en\/wp-json\/wp\/v2\/comments?post=17"}],"version-history":[{"count":44,"href":"https:\/\/ganaderiajosemariavega.com\/en\/wp-json\/wp\/v2\/pages\/17\/revisions"}],"predecessor-version":[{"id":246,"href":"https:\/\/ganaderiajosemariavega.com\/en\/wp-json\/wp\/v2\/pages\/17\/revisions\/246"}],"wp:attachment":[{"href":"https:\/\/ganaderiajosemariavega.com\/en\/wp-json\/wp\/v2\/media?parent=17"}],"curies":[{"name":"wp","href":"https:\/\/api.w.org\/{rel}","templated":true}]}}